{"id":723,"date":"2019-07-12T09:26:02","date_gmt":"2019-07-12T08:26:02","guid":{"rendered":"http:\/\/72qt.co.uk\/dev\/guest-house-location\/"},"modified":"2021-04-19T11:06:10","modified_gmt":"2021-04-19T10:06:10","slug":"viesu-nams","status":"publish","type":"page","link":"https:\/\/72qt.co.uk\/lv\/viesu-nams\/","title":{"rendered":"VIESU NAMS"},"content":{"rendered":"<div id=\"pl-723\"  class=\"panel-layout\" ><div id=\"pg-723-0\"  class=\"panel-grid panel-no-style\" ><div id=\"pgc-723-0-0\"  class=\"panel-grid-cell\" ><div id=\"panel-723-0-0-0\" class=\"so-panel widget widget_rev-slider-widget widget_revslider panel-first-child panel-last-child\" data-index=\"0\" >\n\t\t\t<!-- START GUEST HOUSE &amp; LOCATION REVOLUTION SLIDER 6.6.14 --><p class=\"rs-p-wp-fix\"><\/p>\n\t\t\t<rs-module-wrap id=\"rev_slider_6_1_wrapper\" data-source=\"gallery\" style=\"visibility:hidden;background:transparent;padding:0;margin:0px auto;margin-top:0;margin-bottom:0;\">\n\t\t\t\t<rs-module id=\"rev_slider_6_1\" style=\"\" data-version=\"6.6.14\">\n\t\t\t\t\t<rs-slides style=\"overflow: hidden; position: absolute;\">\n\t\t\t\t\t\t<rs-slide style=\"position: absolute;\" data-key=\"rs-17\" data-title=\"Slide\" data-anim=\"ms:600;r:0;\" data-in=\"o:0;\" data-out=\"a:false;\">\n\t\t\t\t\t\t\t<img decoding=\"async\" src=\"\/\/72qt.co.uk\/wp-content\/plugins\/revslider\/public\/assets\/assets\/dummy.png\" alt=\"\" title=\"VIESU NAMS\" class=\"rev-slidebg tp-rs-img rs-lazyload\" data-lazyload=\"\/\/72qt.co.uk\/wp-content\/uploads\/2019\/07\/72qt-london-latvian-centre-activities.png\" data-no-retina>\n<!--\n\t\t\t\t\t\t\t--><rs-layer\n\t\t\t\t\t\t\t\tid=\"slider-6-slide-17-layer-2\" \n\t\t\t\t\t\t\t\tdata-type=\"text\"\n\t\t\t\t\t\t\t\tdata-rsp_ch=\"on\"\n\t\t\t\t\t\t\t\tdata-xy=\"x:c;y:m;yo:-83px,-83px,-103px,-113px;\"\n\t\t\t\t\t\t\t\tdata-text=\"s:30;l:40;fw:300;a:inherit;\"\n\t\t\t\t\t\t\t\tdata-frame_999=\"o:0;st:w;sR:8700;\"\n\t\t\t\t\t\t\t\tstyle=\"z-index:5;font-family:'Open Sans';\"\n\t\t\t\t\t\t\t>72 Queensborough Terrace \n\t\t\t\t\t\t\t<\/rs-layer><!--\n\n\t\t\t\t\t\t\t--><rs-layer\n\t\t\t\t\t\t\t\tid=\"slider-6-slide-17-layer-3\" \n\t\t\t\t\t\t\t\tclass=\"tp-shape tp-shapewrapper\"\n\t\t\t\t\t\t\t\tdata-type=\"shape\"\n\t\t\t\t\t\t\t\tdata-rsp_ch=\"on\"\n\t\t\t\t\t\t\t\tdata-xy=\"x:c;y:m;yo:-50px,-50px,-68px,-70px;\"\n\t\t\t\t\t\t\t\tdata-text=\"a:inherit;\"\n\t\t\t\t\t\t\t\tdata-dim=\"w:70px;h:1px;\"\n\t\t\t\t\t\t\t\tdata-frame_999=\"o:0;st:w;sR:8700;\"\n\t\t\t\t\t\t\t\tstyle=\"z-index:6;background-color:#ffffff;\"\n\t\t\t\t\t\t\t> \n\t\t\t\t\t\t\t<\/rs-layer><!--\n\n\t\t\t\t\t\t\t--><rs-layer\n\t\t\t\t\t\t\t\tid=\"slider-6-slide-17-layer-4\" \n\t\t\t\t\t\t\t\tdata-type=\"text\"\n\t\t\t\t\t\t\t\tdata-rsp_ch=\"on\"\n\t\t\t\t\t\t\t\tdata-xy=\"x:c;xo:-1px,-1px,-1px,0;y:m;yo:0,0,0,-1px;\"\n\t\t\t\t\t\t\t\tdata-text=\"w:nowrap,nowrap,nowrap,normal;s:55,55,45,35;l:65,65,65,45;a:inherit,inherit,inherit,center;\"\n\t\t\t\t\t\t\t\tdata-dim=\"w:auto,auto,auto,414px;h:auto,auto,auto,91px;\"\n\t\t\t\t\t\t\t\tdata-frame_999=\"o:0;st:w;sR:8700;\"\n\t\t\t\t\t\t\t\tstyle=\"z-index:7;font-family:'Playfair Display';text-transform:uppercase;\"\n\t\t\t\t\t\t\t>Viesu nams & atra\u0161an\u0101s \n\t\t\t\t\t\t\t<\/rs-layer><!--\n\n\t\t\t\t\t\t\t--><a\n\t\t\t\t\t\t\t\tid=\"slider-6-slide-17-layer-5\" \n\t\t\t\t\t\t\t\tclass=\"rs-layer rev-btn\"\n\t\t\t\t\t\t\t\thref=\"https:\/\/72qt.co.uk\/lv\/veikt-rezervaciju\/\" target=\"_self\" rel=\"nofollow\"\n\t\t\t\t\t\t\t\tdata-type=\"button\"\n\t\t\t\t\t\t\t\tdata-color=\"rgba(255,255,255,1)\"\n\t\t\t\t\t\t\t\tdata-xy=\"x:c;xo:12px;y:m;yo:144px,144px,124px,124px;\"\n\t\t\t\t\t\t\t\tdata-text=\"a:inherit;\"\n\t\t\t\t\t\t\t\tdata-rsp_bd=\"off\"\n\t\t\t\t\t\t\t\tdata-padding=\"t:12;r:35;b:12;l:35;\"\n\t\t\t\t\t\t\t\tdata-border=\"bos:solid;boc:#ffffff;bow:1,1,1,1;\"\n\t\t\t\t\t\t\t\tdata-frame_999=\"o:0;st:w;sR:8700;\"\n\t\t\t\t\t\t\t\tdata-frame_hover=\"bgc:#780413;boc:#000;bor:0px,0px,0px,0px;bos:solid;bow:0,0,0,0;oX:50;oY:50;sp:0;\"\n\t\t\t\t\t\t\t\tstyle=\"z-index:8;background-color:rgba(0,0,0,0);font-family:'Open Sans';cursor:pointer;outline:none;box-shadow:none;box-sizing:border-box;-moz-box-sizing:border-box;-webkit-box-sizing:border-box;\"\n\t\t\t\t\t\t\t>Veikt rezerv\u0101ciju \n\t\t\t\t\t\t\t<\/a><!--\n-->\t\t\t\t\t\t<\/rs-slide>\n\t\t\t\t\t<\/rs-slides>\n\t\t\t\t<\/rs-module>\n\t\t\t\t<script>\n\t\t\t\t\tsetREVStartSize({c: 'rev_slider_6_1',rl:[1240,1024,778,480],el:[690,590,590,500],gw:[1240,1024,778,480],gh:[690,590,590,500],type:'standard',justify:'',layout:'fullwidth',mh:\"0\"});if (window.RS_MODULES!==undefined && window.RS_MODULES.modules!==undefined && window.RS_MODULES.modules[\"revslider61\"]!==undefined) {window.RS_MODULES.modules[\"revslider61\"].once = false;window.revapi6 = undefined;if (window.RS_MODULES.checkMinimal!==undefined) window.RS_MODULES.checkMinimal()}\n\t\t\t\t<\/script>\n\t\t\t<\/rs-module-wrap>\n\t\t\t<!-- END REVOLUTION SLIDER -->\n<\/div><\/div><\/div><div id=\"pg-723-1\"  class=\"panel-grid panel-has-style\" ><div class=\"panel-widget-style panel-row-style panel-row-style-for-723-1\" ><div id=\"pgc-723-1-0\"  class=\"panel-grid-cell\" ><div id=\"panel-723-1-0-0\" class=\"so-panel widget widget_black-studio-tinymce widget_black_studio_tinymce panel-first-child panel-last-child\" data-index=\"1\" ><div class=\"textwidget\"><h2 style=\"text-align: center;\">VIESU NAMS<\/h2>\n<div class=\"line-after-heading\"><\/div>\n<p style=\"text-align: center; font-size:18px; font-family:lora;\"><strong>\u0112rta apme\u0161an\u0101s vieta Londonas centr\u0101 72 QT viesu nam\u0101<\/strong><\/p>\n<p style=\"text-align: center; max-width:800px; margin:15px auto;\">Laipni l\u016bgti skaistaj\u0101 latvie\u0161u nam\u0101, kur m\u016bsu sirsn\u012bgais person\u0101ls nodro\u0161in\u0101s J\u016bsu labsaj\u016btu un \u0113rtu apme\u0161anos visas uztur\u0113\u0161an\u0101s laik\u0101! 72QT viesu nams atrodas Londonas centr\u0101 (1. zona), net\u0101lu no Haidparka, 72 Kv\u012bnsboro teras\u0113 (Queensborough Terrace), W2 3SH.<\/p>\n<p style=\"text-align: center; max-width:800px; margin:15px auto;\">\u0160is elegantais, v\u0113sturiskais viesu nams pied\u0101v\u0101 gai\u0161as, t\u012bras istabas, svin\u012bgu z\u0101li da\u017e\u0101da veida pas\u0101kumu organiz\u0113\u0161anai, k\u0101 ar\u012b licenc\u0113tu b\u0101ru- vien\u012bgo latvie\u0161u b\u0101ru London\u0101- Balzamb\u0101ru.<\/p>\n<p style=\"text-align: center; max-width:800px; margin:15px auto;\">72QT pied\u0101v\u0101 naktsm\u0101jas par pie\u0146emam\u0101m cen\u0101m Londonas centr\u0101. M\u016bsu nam\u0101 ir 17 istabas- vienviet\u012bgas, divviet\u012bgas ar div\u0101m atsevi\u0161\u0137\u0101m viengu\u013camaj\u0101m gult\u0101m vai vienu divgu\u013camo gultu, k\u0101 ar\u012b \u0123imenes istabas (3, 4 vai 5 person\u0101m). Liel\u0101kajai da\u013cai istabu ir pieejamas koplieto\u0161anas tualetes\/du\u0161as telpa katr\u0101 st\u0101v\u0101, bet \u010detr\u0101s istab\u0101s ir vannas istaba ar vannu vai du\u0161u.<\/p>\n<\/div><\/div><\/div><\/div><\/div><div id=\"pg-723-2\"  class=\"panel-grid panel-has-style\" ><div class=\"siteorigin-panels-stretch kt-panel-row-stretch panel-widget-style panel-row-style panel-row-style-for-723-2\" style=\"visibility: hidden;\" data-stretch-type=\"full\" ><div id=\"pgc-723-2-0\"  class=\"panel-grid-cell\" ><div id=\"panel-723-2-0-0\" class=\"so-panel widget widget_black-studio-tinymce widget_black_studio_tinymce panel-first-child panel-last-child\" data-index=\"2\" ><div class=\"textwidget\"><div class=\"home-page-boxes-rooms-hall-hire-container\">\n<div class=\"row\"> <div class=\"col-md-6  \">\n<img loading=\"lazy\" decoding=\"async\" class=\"\" src=\"https:\/\/72qt.co.uk\/wp-content\/uploads\/2019\/07\/bed-and-breakfast-guest-house-london.png\" alt=\"72QT, Skat\u012bt istabas\" title=\"72QT, Skat\u012bt istabas\" width=\"390\" height=\"228\"\/><\/p>\n<h3>Istabas<\/h3>\n<div class=\"line-after-heading\" style=\"background:#cccccc;\"><\/div>\n<p style=\"font-size:18px; font-family:lora;\"><strong>J\u016btaties k\u0101 m\u0101j\u0101s.<\/strong><\/p>\n<p class=\"home-page-boxes-des\">72QT viesu nams pied\u0101v\u0101 17 gai\u0161as, t\u012bras un \u0113rti iek\u0101rtotas istabas Londonas centr\u0101 par izdev\u012bg\u0101m cen\u0101m!<\/p>\n<p><a href=\"https:\/\/72qt.co.uk\/lv\/istabas\/\"  class=\"box-button\">Skat\u012bt istabas<\/a><\/div><div class=\"col-md-6  \">\n<img loading=\"lazy\" decoding=\"async\" src=\"https:\/\/72qt.co.uk\/wp-content\/uploads\/2019\/07\/wedding-reception-hire-london.png\" alt=\"Telpu \u012are London\" title=\"Telpu \u012are London\" width=\"390\" height=\"228\" class=\"\" \/><\/p>\n<h3>Telpu \u012are<\/h3>\n<div class=\"line-after-heading\" style=\"background:#cccccc;\"><\/div>\n<p style=\"font-size:18px; font-family:lora;\"><strong>Elegants un daudzpus\u012bgs risin\u0101jums.<\/strong><\/p>\n<p class=\"home-page-boxes-des\" >Telpu \u012bre 72QT is lieliska izv\u0113le, lai r\u012bkotu san\u0101ksmes, prezent\u0101cijas, jogas nodarb\u012bbas vai cita veida pas\u0101kumus<\/p>\n<p><a href=\"https:\/\/72qt.co.uk\/lv\/telpu-ire\/\"  class=\"box-button\" title=\"UZZIN\u0100T VAIR\u0100K\">Uzzin\u0101t vair\u0101k<\/a><\/div><\/div>\n<\/div>\n<\/div><\/div><\/div><\/div><\/div><div id=\"pg-723-3\"  class=\"panel-grid panel-has-style\" ><div class=\"panel-widget-style panel-row-style panel-row-style-for-723-3\" ><div id=\"pgc-723-3-0\"  class=\"panel-grid-cell\" ><div id=\"panel-723-3-0-0\" class=\"so-panel widget widget_black-studio-tinymce widget_black_studio_tinymce panel-first-child panel-last-child\" data-index=\"3\" ><div class=\"textwidget\"><h2 style=\"text-align: center;\">Atra\u0161\u0101n\u0101s vieta Londonas centr\u0101<\/h2>\n<div class=\"line-after-heading\"><\/div>\n<p style=\"text-align: center; font-size:18px; font-family:lora;\"><strong>Viesu nams j\u016bsu \u0113rt\u012bbai- Londonas sird\u012b<\/strong><\/p>\n<p style=\"text-align: center; max-width:800px; margin:15px auto;\">Net\u0101lu no viesu nama atrodas da\u017e\u0101di apskates objekti un aktivit\u0101tes, piem\u0113ram: Kensingtonas d\u0101rzi un pils (Kensington Gardens & Palace), Haidparks (Hyde Park), Karalisk\u0101 Alberta halle (The Royal Albert Hall), Zin\u0101tnes muzejs (The Science Museum), Dabas Muzejs (The Natural History Museum), Viktorijas un Alberta Muzejs (The Victoria and Albert Museum), Holandes parks (Holland park). Ar\u012b Oksfordas iela (Oxfordstreet)- iepirkumu veik\u0161anai, Notinghila (Nottinghill) ar Portobello tirgu un slavenie West End te\u0101tri atrodas tikai da\u017eu kilometru att\u0101lum\u0101.<\/p>\n<p style=\"text-align: center; max-width:800px; margin:15px auto;\">Tuv\u0101k\u0101s metro stacijas ir Queensway- Central line (sarkan\u0101 l\u012bnija) un Bayswater- Circle & District line (dzelten\u0101 un za\u013c\u0101 l\u012bnijas), kuras atrodas tikai 5 min\u016b\u0161u g\u0101jiena att\u0101lum\u0101 no viesu nama.<\/p>\n<\/div><\/div><\/div><\/div><\/div><div id=\"pg-723-4\"  class=\"panel-grid panel-has-style\" ><div class=\"siteorigin-panels-stretch kt-panel-row-full-stretch panel-row-style panel-row-style-for-723-4\" style=\"visibility: hidden;\" data-stretch-type=\"full-stretched\" ><div id=\"pgc-723-4-0\"  class=\"panel-grid-cell\" ><div id=\"panel-723-4-0-0\" class=\"so-panel widget widget_black-studio-tinymce widget_black_studio_tinymce panel-first-child panel-last-child\" data-index=\"4\" ><div class=\"textwidget\"><iframe src=\"https:\/\/www.google.com\/maps\/embed?pb=!1m18!1m12!1m3!1d2483.116397347389!2d-0.1870217840748767!3d51.51108051825481!2m3!1f0!2f0!3f0!3m2!1i1024!2i768!4f13.1!3m3!1m2!1s0x487605544d5e5cc5%3A0x8c8925b7dfdab3fb!2s72QT%20-%20The%20London%20Latvian%20Centre!5e0!3m2!1sen!2suk!4v1618825716237!5m2!1sen!2suk\" width=\"100%\" height=\"450\" style=\"border:0;\" allowfullscreen=\"\" loading=\"lazy\"><\/iframe><\/div><\/div><\/div><\/div><\/div><\/div>","protected":false},"excerpt":{"rendered":"<p>VIESU NAMS \u0112rta apme\u0161an\u0101s vieta Londonas centr\u0101 72 QT viesu nam\u0101 Laipni l\u016bgti skaistaj\u0101 latvie\u0161u nam\u0101, kur m\u016bsu sirsn\u012bgais person\u0101ls nodro\u0161in\u0101s J\u016bsu labsaj\u016btu un \u0113rtu apme\u0161anos visas uztur\u0113\u0161an\u0101s laik\u0101! 72QT viesu nams atrodas Londonas centr\u0101 (1. zona), net\u0101lu no Haidparka, &hellip; <a class=\"kt-excerpt-readmore\" href=\"https:\/\/72qt.co.uk\/lv\/viesu-nams\/\" aria-label=\"VIESU NAMS\">Read More<\/a><\/p>\n","protected":false},"author":1,"featured_media":0,"parent":0,"menu_order":0,"comment_status":"closed","ping_status":"closed","template":"","meta":{"footnotes":""},"class_list":["post-723","page","type-page","status-publish","hentry"],"yoast_head":"<!-- This site is optimized with the Yoast SEO plugin v27.1.1 - https:\/\/yoast.com\/product\/yoast-seo-wordpress\/ -->\n<title>Viesu nams un atra\u0161an\u0101s vieta | 72 Queensborough Terrace<\/title>\n<meta name=\"description\" content=\"\u0112rta apme\u0161an\u0101s Londonas centr\u0101. Pied\u0101v\u0101jam gai\u0161as, t\u012bras istabas, svin\u012bgu z\u0101li da\u017e\u0101daveida pas\u0101kumu organiz\u0113\u0161anai, k\u0101 ar\u012b licenc\u0113tu b\u0101ru.\" \/>\n<meta name=\"robots\" content=\"index, follow, max-snippet:-1, max-image-preview:large, max-video-preview:-1\" \/>\n<link rel=\"canonical\" href=\"https:\/\/72qt.co.uk\/lv\/viesu-nams\/\" \/>\n<meta property=\"og:locale\" content=\"lv_LV\" \/>\n<meta property=\"og:type\" content=\"article\" \/>\n<meta property=\"og:title\" content=\"Viesu nams un atra\u0161an\u0101s vieta | 72 Queensborough Terrace\" \/>\n<meta property=\"og:description\" content=\"\u0112rta apme\u0161an\u0101s Londonas centr\u0101. Pied\u0101v\u0101jam gai\u0161as, t\u012bras istabas, svin\u012bgu z\u0101li da\u017e\u0101daveida pas\u0101kumu organiz\u0113\u0161anai, k\u0101 ar\u012b licenc\u0113tu b\u0101ru.\" \/>\n<meta property=\"og:url\" content=\"https:\/\/72qt.co.uk\/lv\/viesu-nams\/\" \/>\n<meta property=\"og:site_name\" content=\"72 QT\" \/>\n<meta property=\"article:modified_time\" content=\"2021-04-19T10:06:10+00:00\" \/>\n<meta property=\"og:image\" content=\"https:\/\/72qt.co.uk\/wp-content\/uploads\/2019\/07\/bed-and-breakfast-guest-house-london.png\" \/>\n<meta name=\"twitter:card\" content=\"summary_large_image\" \/>\n<meta name=\"twitter:label1\" content=\"Est. reading time\" \/>\n\t<meta name=\"twitter:data1\" content=\"2 minutes\" \/>\n<script type=\"application\/ld+json\" class=\"yoast-schema-graph\">{\"@context\":\"https:\/\/schema.org\",\"@graph\":[{\"@type\":\"WebPage\",\"@id\":\"https:\/\/72qt.co.uk\/lv\/viesu-nams\/\",\"url\":\"https:\/\/72qt.co.uk\/lv\/viesu-nams\/\",\"name\":\"Viesu nams un atra\u0161an\u0101s vieta | 72 Queensborough Terrace\",\"isPartOf\":{\"@id\":\"https:\/\/72qt.co.uk\/lv\/#website\"},\"primaryImageOfPage\":{\"@id\":\"https:\/\/72qt.co.uk\/lv\/viesu-nams\/#primaryimage\"},\"image\":{\"@id\":\"https:\/\/72qt.co.uk\/lv\/viesu-nams\/#primaryimage\"},\"thumbnailUrl\":\"https:\/\/72qt.co.uk\/wp-content\/uploads\/2019\/07\/bed-and-breakfast-guest-house-london.png\",\"datePublished\":\"2019-07-12T08:26:02+00:00\",\"dateModified\":\"2021-04-19T10:06:10+00:00\",\"description\":\"\u0112rta apme\u0161an\u0101s Londonas centr\u0101. Pied\u0101v\u0101jam gai\u0161as, t\u012bras istabas, svin\u012bgu z\u0101li da\u017e\u0101daveida pas\u0101kumu organiz\u0113\u0161anai, k\u0101 ar\u012b licenc\u0113tu b\u0101ru.\",\"breadcrumb\":{\"@id\":\"https:\/\/72qt.co.uk\/lv\/viesu-nams\/#breadcrumb\"},\"inLanguage\":\"lv-LV\",\"potentialAction\":[{\"@type\":\"ReadAction\",\"target\":[\"https:\/\/72qt.co.uk\/lv\/viesu-nams\/\"]}]},{\"@type\":\"ImageObject\",\"inLanguage\":\"lv-LV\",\"@id\":\"https:\/\/72qt.co.uk\/lv\/viesu-nams\/#primaryimage\",\"url\":\"https:\/\/72qt.co.uk\/wp-content\/uploads\/2019\/07\/bed-and-breakfast-guest-house-london.png\",\"contentUrl\":\"https:\/\/72qt.co.uk\/wp-content\/uploads\/2019\/07\/bed-and-breakfast-guest-house-london.png\"},{\"@type\":\"BreadcrumbList\",\"@id\":\"https:\/\/72qt.co.uk\/lv\/viesu-nams\/#breadcrumb\",\"itemListElement\":[{\"@type\":\"ListItem\",\"position\":1,\"name\":\"Home\",\"item\":\"https:\/\/72qt.co.uk\/lv\/\"},{\"@type\":\"ListItem\",\"position\":2,\"name\":\"VIESU NAMS\"}]},{\"@type\":\"WebSite\",\"@id\":\"https:\/\/72qt.co.uk\/lv\/#website\",\"url\":\"https:\/\/72qt.co.uk\/lv\/\",\"name\":\"72 QT\",\"description\":\"Just another WordPress site\",\"potentialAction\":[{\"@type\":\"SearchAction\",\"target\":{\"@type\":\"EntryPoint\",\"urlTemplate\":\"https:\/\/72qt.co.uk\/lv\/?s={search_term_string}\"},\"query-input\":{\"@type\":\"PropertyValueSpecification\",\"valueRequired\":true,\"valueName\":\"search_term_string\"}}],\"inLanguage\":\"lv-LV\"}]}<\/script>\n<!-- \/ Yoast SEO plugin. -->","yoast_head_json":{"title":"Viesu nams un atra\u0161an\u0101s vieta | 72 Queensborough Terrace","description":"\u0112rta apme\u0161an\u0101s Londonas centr\u0101. Pied\u0101v\u0101jam gai\u0161as, t\u012bras istabas, svin\u012bgu z\u0101li da\u017e\u0101daveida pas\u0101kumu organiz\u0113\u0161anai, k\u0101 ar\u012b licenc\u0113tu b\u0101ru.","robots":{"index":"index","follow":"follow","max-snippet":"max-snippet:-1","max-image-preview":"max-image-preview:large","max-video-preview":"max-video-preview:-1"},"canonical":"https:\/\/72qt.co.uk\/lv\/viesu-nams\/","og_locale":"lv_LV","og_type":"article","og_title":"Viesu nams un atra\u0161an\u0101s vieta | 72 Queensborough Terrace","og_description":"\u0112rta apme\u0161an\u0101s Londonas centr\u0101. Pied\u0101v\u0101jam gai\u0161as, t\u012bras istabas, svin\u012bgu z\u0101li da\u017e\u0101daveida pas\u0101kumu organiz\u0113\u0161anai, k\u0101 ar\u012b licenc\u0113tu b\u0101ru.","og_url":"https:\/\/72qt.co.uk\/lv\/viesu-nams\/","og_site_name":"72 QT","article_modified_time":"2021-04-19T10:06:10+00:00","og_image":[{"url":"https:\/\/72qt.co.uk\/wp-content\/uploads\/2019\/07\/bed-and-breakfast-guest-house-london.png","type":"","width":"","height":""}],"twitter_card":"summary_large_image","twitter_misc":{"Est. reading time":"2 minutes"},"schema":{"@context":"https:\/\/schema.org","@graph":[{"@type":"WebPage","@id":"https:\/\/72qt.co.uk\/lv\/viesu-nams\/","url":"https:\/\/72qt.co.uk\/lv\/viesu-nams\/","name":"Viesu nams un atra\u0161an\u0101s vieta | 72 Queensborough Terrace","isPartOf":{"@id":"https:\/\/72qt.co.uk\/lv\/#website"},"primaryImageOfPage":{"@id":"https:\/\/72qt.co.uk\/lv\/viesu-nams\/#primaryimage"},"image":{"@id":"https:\/\/72qt.co.uk\/lv\/viesu-nams\/#primaryimage"},"thumbnailUrl":"https:\/\/72qt.co.uk\/wp-content\/uploads\/2019\/07\/bed-and-breakfast-guest-house-london.png","datePublished":"2019-07-12T08:26:02+00:00","dateModified":"2021-04-19T10:06:10+00:00","description":"\u0112rta apme\u0161an\u0101s Londonas centr\u0101. Pied\u0101v\u0101jam gai\u0161as, t\u012bras istabas, svin\u012bgu z\u0101li da\u017e\u0101daveida pas\u0101kumu organiz\u0113\u0161anai, k\u0101 ar\u012b licenc\u0113tu b\u0101ru.","breadcrumb":{"@id":"https:\/\/72qt.co.uk\/lv\/viesu-nams\/#breadcrumb"},"inLanguage":"lv-LV","potentialAction":[{"@type":"ReadAction","target":["https:\/\/72qt.co.uk\/lv\/viesu-nams\/"]}]},{"@type":"ImageObject","inLanguage":"lv-LV","@id":"https:\/\/72qt.co.uk\/lv\/viesu-nams\/#primaryimage","url":"https:\/\/72qt.co.uk\/wp-content\/uploads\/2019\/07\/bed-and-breakfast-guest-house-london.png","contentUrl":"https:\/\/72qt.co.uk\/wp-content\/uploads\/2019\/07\/bed-and-breakfast-guest-house-london.png"},{"@type":"BreadcrumbList","@id":"https:\/\/72qt.co.uk\/lv\/viesu-nams\/#breadcrumb","itemListElement":[{"@type":"ListItem","position":1,"name":"Home","item":"https:\/\/72qt.co.uk\/lv\/"},{"@type":"ListItem","position":2,"name":"VIESU NAMS"}]},{"@type":"WebSite","@id":"https:\/\/72qt.co.uk\/lv\/#website","url":"https:\/\/72qt.co.uk\/lv\/","name":"72 QT","description":"Just another WordPress site","potentialAction":[{"@type":"SearchAction","target":{"@type":"EntryPoint","urlTemplate":"https:\/\/72qt.co.uk\/lv\/?s={search_term_string}"},"query-input":{"@type":"PropertyValueSpecification","valueRequired":true,"valueName":"search_term_string"}}],"inLanguage":"lv-LV"}]}},"_links":{"self":[{"href":"https:\/\/72qt.co.uk\/lv\/wp-json\/wp\/v2\/pages\/723","targetHints":{"allow":["GET"]}}],"collection":[{"href":"https:\/\/72qt.co.uk\/lv\/wp-json\/wp\/v2\/pages"}],"about":[{"href":"https:\/\/72qt.co.uk\/lv\/wp-json\/wp\/v2\/types\/page"}],"author":[{"embeddable":true,"href":"https:\/\/72qt.co.uk\/lv\/wp-json\/wp\/v2\/users\/1"}],"replies":[{"embeddable":true,"href":"https:\/\/72qt.co.uk\/lv\/wp-json\/wp\/v2\/comments?post=723"}],"version-history":[{"count":0,"href":"https:\/\/72qt.co.uk\/lv\/wp-json\/wp\/v2\/pages\/723\/revisions"}],"wp:attachment":[{"href":"https:\/\/72qt.co.uk\/lv\/wp-json\/wp\/v2\/media?parent=723"}],"curies":[{"name":"wp","href":"https:\/\/api.w.org\/{rel}","templated":true}]}}